{"id":740,"date":"2021-12-27T11:14:47","date_gmt":"2021-12-27T10:14:47","guid":{"rendered":"https:\/\/laluttedessucs.noblogs.org\/?page_id=740"},"modified":"2023-09-10T11:06:24","modified_gmt":"2023-09-10T09:06:24","slug":"nous-rejoindre","status":"publish","type":"page","link":"https:\/\/laluttedessucs.noblogs.org\/?page_id=740","title":{"rendered":""},"content":{"rendered":"<p><span style=\"color: #339966\">Rien n\u2019est jou\u00e9.<\/span>\u00a0 La R\u00e9gion n\u2019a toujours pas tous les terrains pour r\u00e9aliser le projet et les recours juridiques sur le fond n&rsquo;ont pas \u00e9t\u00e9 encore jug\u00e9s. Il nous incombe de continuer \u00e0 rencontrer les autres habitant-es du territoire, dialoguer avec les pro-2\u00d72 voies, \u00e9tudier les solutions alternatives moins destructrices et moins nuisibles pour tous &amp; toutes, et de pr\u00e9parer les futures mobilisations\/actions.<\/p>\n<p>&nbsp;<\/p>\n<h2>Le collectif s\u2019est structur\u00e9\u00a0 en <span style=\"color: #339966\">commissions<\/span> s\u2019attachant plus pr\u00e9cis\u00e9ment :<\/h2>\n<h2>-au foncier,<\/h2>\n<h2>-au lien avec les habitants,<\/h2>\n<h2>-\u00e0 la communication,<\/h2>\n<h2>-\u00e0 l\u2019artistique,<\/h2>\n<h2>-\u00e0 l\u2019environnement,<\/h2>\n<h2>-aux actions.<\/h2>\n<h2><span style=\"color: #339966\">Vous pouvez \u00e0 tout moment\u00a0 rejoindre\u00a0<\/span> une de ces commissions ou nous rejoindre tout court :<\/h2>\n<h2>-en \u00e9crivant \u00e0\u00a0 <a href=\"mailto:laluttedessucs@inventati.org\">laluttedessucs@inventati.org<\/a><\/h2>\n<h2><\/h2>\n<h2>A bient\u00f4t !<\/h2>\n<p><a href=\"https:\/\/laluttedessucs.noblogs.org\/files\/2021\/07\/site-AG14-juilelt-scaled.jpg\"><img loading=\"lazy\" decoding=\"async\" class=\"aligncenter size-full wp-image-561\" src=\"https:\/\/laluttedessucs.noblogs.org\/files\/2021\/07\/site-AG14-juilelt-scaled.jpg\" alt=\"\" width=\"2560\" height=\"1183\" srcset=\"https:\/\/laluttedessucs.noblogs.org\/files\/2021\/07\/site-AG14-juilelt-scaled.jpg 2560w, https:\/\/laluttedessucs.noblogs.org\/files\/2021\/07\/site-AG14-juilelt-300x139.jpg 300w, https:\/\/laluttedessucs.noblogs.org\/files\/2021\/07\/site-AG14-juilelt-1024x473.jpg 1024w, https:\/\/laluttedessucs.noblogs.org\/files\/2021\/07\/site-AG14-juilelt-768x355.jpg 768w, https:\/\/laluttedessucs.noblogs.org\/files\/2021\/07\/site-AG14-juilelt-1536x710.jpg 1536w, https:\/\/laluttedessucs.noblogs.org\/files\/2021\/07\/site-AG14-juilelt-2048x947.jpg 2048w\" sizes=\"auto, (max-width: 2560px) 100vw, 2560px\" \/><\/a><\/p>\n<hr \/>\n<p>Vous pouvez \u00e9galement vous inscrire \u00e0 la liste de diffusion afin de vous tenir inform\u00e9(e)s des prochains \u00e9v\u00e9nements organis\u00e9s par le collectif ou par d\u2019autres associations\u00a0\u00a0 :<\/p>\n<p><a class=\"customize-unpreviewable\" href=\"https:\/\/noise.autistici.org\/mailman\/listinfo\/diffusioncollectifrn88\">https:\/\/noise.autistici.org\/mailman\/listinfo\/diffusioncollectifrn88<\/a><\/p>\n<p>&nbsp;<\/p>\n<p>La lutte est pr\u00e9sente aussi sur\u00a0 les r\u00e9seaux<br \/>\nFacebook \u2026\u2026\u2026\u2026\u2026. <a class=\"moz-txt-link-freetext customize-unpreviewable\" href=\"https:\/\/www.facebook.com\/laluttedessucs\/\">https:\/\/www.facebook.com\/laluttedessucs\/<\/a><br \/>\nTweeter \u2026\u2026\u2026\u2026\u2026\u2026.. <a class=\"customize-unpreviewable\" href=\"https:\/\/twitter.com\/LDessucs\">https:\/\/twitter.com\/LDessucs<\/a><br \/>\nInstagram\u2026\u2026\u2026\u2026\u2026.. <a class=\"moz-txt-link-freetext customize-unpreviewable\" href=\"https:\/\/www.instagram.com\/laluttedessucs\/\">https:\/\/www.instagram.com\/laluttedessucs\/<\/a><\/p>\n","protected":false},"excerpt":{"rendered":"<p>Rien n\u2019est jou\u00e9.\u00a0 La R\u00e9gion n\u2019a toujours pas tous les terrains pour r\u00e9aliser le projet et les recours juridiques sur le fond n&rsquo;ont pas \u00e9t\u00e9 encore jug\u00e9s. Il nous incombe de continuer \u00e0 rencontrer les autres habitant-es du territoire, dialoguer &hellip; <a href=\"https:\/\/laluttedessucs.noblogs.org\/?page_id=740\">Continuer la lecture <span class=\"meta-nav\">&rarr;<\/span><\/a><\/p>\n","protected":false},"author":15577,"featured_media":0,"parent":0,"menu_order":0,"comment_status":"closed","ping_status":"closed","template":"","meta":{"footnotes":""},"class_list":["post-740","page","type-page","status-publish","hentry"],"_links":{"self":[{"href":"https:\/\/laluttedessucs.noblogs.org\/index.php?rest_route=\/wp\/v2\/pages\/740","targetHints":{"allow":["GET"]}}],"collection":[{"href":"https:\/\/laluttedessucs.noblogs.org\/index.php?rest_route=\/wp\/v2\/pages"}],"about":[{"href":"https:\/\/laluttedessucs.noblogs.org\/index.php?rest_route=\/wp\/v2\/types\/page"}],"author":[{"embeddable":true,"href":"https:\/\/laluttedessucs.noblogs.org\/index.php?rest_route=\/wp\/v2\/users\/15577"}],"replies":[{"embeddable":true,"href":"https:\/\/laluttedessucs.noblogs.org\/index.php?rest_route=%2Fwp%2Fv2%2Fcomments&post=740"}],"version-history":[{"count":14,"href":"https:\/\/laluttedessucs.noblogs.org\/index.php?rest_route=\/wp\/v2\/pages\/740\/revisions"}],"predecessor-version":[{"id":1334,"href":"https:\/\/laluttedessucs.noblogs.org\/index.php?rest_route=\/wp\/v2\/pages\/740\/revisions\/1334"}],"wp:attachment":[{"href":"https:\/\/laluttedessucs.noblogs.org\/index.php?rest_route=%2Fwp%2Fv2%2Fmedia&parent=740"}],"curies":[{"name":"wp","href":"https:\/\/api.w.org\/{rel}","templated":true}]}}